{"id":4325,"date":"2014-12-17T17:45:39","date_gmt":"2014-12-17T16:45:39","guid":{"rendered":"https:\/\/undsgn.com\/uncode\/?page_id=4325"},"modified":"2014-12-17T17:45:39","modified_gmt":"2014-12-17T16:45:39","slug":"blog-column","status":"publish","type":"page","link":"https:\/\/ligaagencia.com\/en\/para-marcas-e-empresas\/blog-column\/","title":{"rendered":"Blog Column"},"content":{"rendered":"<div class=\"wpb-content-wrapper\"><div data-parent=\"true\" class=\"vc_row row-container\" id=\"row-unique-0\"><div class=\"row quad-top-padding quad-bottom-padding single-h-padding limit-width row-parent\"><div class=\"wpb_row row-inner\"><div class=\"wpb_column pos-top pos-center align_left column_parent col-lg-12 single-internal-gutter\"><div class=\"uncol style-light font-955596\"  ><div class=\"uncoltable\"><div class=\"uncell\" ><div class=\"uncont no-block-padding col-custom-width\" style=\" max-width:552px;\" ><div id=\"index-1746509884\" class=\"isotope-system isotope-general-light grid-general-light\" >\n\t\t\t\n\t\t\t\t\t\t\t\t\t\t\t\t<div class=\"isotope-wrapper grid-wrapper double-gutter\" >\t\t\t\t\t\t\t\t\t\t\t\t<div class=\"isotope-container grid-container isotope-layout style-masonry isotope-pagination grid-pagination\" data-type=\"masonry\" data-layout=\"vertical\" data-lg=\"1200\" data-md=\"600\" data-sm=\"480\" data-vp-height=\"\">\t\t\t<div class=\"tmb atc-typography-inherit tmb-iso-w12 tmb-iso-h4 tmb-light tmb-text-showed tmb-overlay-anim tmb-content-left tmb-meta-size-default  grid-cat-150 tmb-id-145279 tmb-img-ratio tmb-content-under tmb-media-first tmb-no-bg\" ><div class=\"t-inside animate_when_almost_visible bottom-t-top\" data-delay=\"200\"><div class=\"t-entry-visual\"><div class=\"t-entry-visual-tc\"><div class=\"t-entry-visual-cont\"><span class=\"t-cat-over single-block-padding t-cat-over-topright\"><span class=\"t-entry-category t-cat-over-inner\"><a class=\"transparent-cat tmb-term-evidence font-ui\" href=\"https:\/\/ligaagencia.com\/en\/category\/jobs\/\">Jobs<\/a><\/span><\/span><div class=\"dummy\" style=\"padding-top: 66.7%;\"><\/div><a tabindex=\"-1\" href=\"https:\/\/ligaagencia.com\/en\/jobs\/liga-p1\/\" class=\"pushed\" target=\"_self\" data-lb-index=\"0\"><div class=\"t-entry-visual-overlay\"><div class=\"t-entry-visual-overlay-in style-dark-bg\" style=\"opacity: 0.5;\"><\/div><\/div><img decoding=\"async\" class=\"wp-image-145393\" src=\"https:\/\/ligaagencia.com\/wp-content\/uploads\/2024\/10\/Copia-de-SWIFT-NO-PAULISTAO-uai-1080x720.png\" width=\"1080\" height=\"720\" alt=\"\" srcset=\"https:\/\/ligaagencia.com\/wp-content\/uploads\/2024\/10\/Copia-de-SWIFT-NO-PAULISTAO-uai-1080x720.png 1080w, https:\/\/ligaagencia.com\/wp-content\/uploads\/2024\/10\/Copia-de-SWIFT-NO-PAULISTAO-uai-720x480.png 720w\" sizes=\"(max-width: 1080px) 100vw, 1080px\" \/><\/a><\/div>\n\t\t\t\t\t<\/div>\n\t\t\t\t<\/div><div class=\"t-entry-text\">\n\t\t\t\t\t\t\t\t\t<div class=\"t-entry-text-tc single-block-padding\"><div class=\"t-entry\"><p class=\"t-entry-meta\"><span class=\"t-entry-date\">8 de October de 2024<\/span><\/p><h3 class=\"t-entry-title font-955596 h2 font-weight-700 fontspace-781688 title-scale\"><a href=\"https:\/\/ligaagencia.com\/en\/jobs\/liga-p1\/\" target=\"_self\">Swift no Paulist\u00e3o<\/a><\/h3><div class=\"t-entry-excerpt\"><\/div><hr \/><div class=\"spacer spacer-one half-space\"><\/div><p class=\"t-entry-meta t-entry-author\"><a href=\"https:\/\/ligaagencia.com\/en\/author\/ozuna\/\" class=\"tmb-avatar-size-md\"><img alt='' src='https:\/\/secure.gravatar.com\/avatar\/4198c7f98b038252e39f3411335b24bb7ff8ecee85574e7485454aa5e7cd9f18?s=40&#038;d=mm&#038;r=g' srcset='https:\/\/secure.gravatar.com\/avatar\/4198c7f98b038252e39f3411335b24bb7ff8ecee85574e7485454aa5e7cd9f18?s=80&#038;d=mm&#038;r=g 2x' class='avatar avatar-40 photo' height='40' width='40' loading='lazy'\/><span class=\"tmb-username-wrap\"><span class=\"tmb-username-text\">by ozuna<\/span><span class=\"tmb-user-qualification\"><\/span><\/span><\/a><\/p><\/div><\/div>\n\t\t\t\t\t\t\t<\/div><\/div><\/div><div class=\"tmb atc-typography-inherit tmb-iso-w12 tmb-iso-h4 tmb-light tmb-text-showed tmb-overlay-anim tmb-content-left tmb-meta-size-default  grid-cat-150 tmb-id-145350 tmb-img-ratio tmb-content-under tmb-media-first tmb-no-bg\" ><div class=\"t-inside animate_when_almost_visible bottom-t-top\" data-delay=\"200\"><div class=\"t-entry-visual\"><div class=\"t-entry-visual-tc\"><div class=\"t-entry-visual-cont\"><span class=\"t-cat-over single-block-padding t-cat-over-topright\"><span class=\"t-entry-category t-cat-over-inner\"><a class=\"transparent-cat tmb-term-evidence font-ui\" href=\"https:\/\/ligaagencia.com\/en\/category\/jobs\/\">Jobs<\/a><\/span><\/span><div class=\"dummy\" style=\"padding-top: 66.7%;\"><\/div><a tabindex=\"-1\" href=\"https:\/\/ligaagencia.com\/en\/jobs\/liga-p3\/\" class=\"pushed\" target=\"_self\" data-lb-index=\"1\"><div class=\"t-entry-visual-overlay\"><div class=\"t-entry-visual-overlay-in style-dark-bg\" style=\"opacity: 0.5;\"><\/div><\/div><img decoding=\"async\" class=\"wp-image-145418\" src=\"https:\/\/ligaagencia.com\/wp-content\/uploads\/2024\/10\/Copia-de-SEM-LAYS-SEM-JOGO-1-uai-1080x720.png\" width=\"1080\" height=\"720\" alt=\"\" srcset=\"https:\/\/ligaagencia.com\/wp-content\/uploads\/2024\/10\/Copia-de-SEM-LAYS-SEM-JOGO-1-uai-1080x720.png 1080w, https:\/\/ligaagencia.com\/wp-content\/uploads\/2024\/10\/Copia-de-SEM-LAYS-SEM-JOGO-1-uai-720x479.png 720w\" sizes=\"(max-width: 1080px) 100vw, 1080px\" \/><\/a><\/div>\n\t\t\t\t\t<\/div>\n\t\t\t\t<\/div><div class=\"t-entry-text\">\n\t\t\t\t\t\t\t\t\t<div class=\"t-entry-text-tc single-block-padding\"><div class=\"t-entry\"><p class=\"t-entry-meta\"><span class=\"t-entry-date\">10 de October de 2024<\/span><\/p><h3 class=\"t-entry-title font-955596 h2 font-weight-700 fontspace-781688 title-scale\"><a href=\"https:\/\/ligaagencia.com\/en\/jobs\/liga-p3\/\" target=\"_self\">Cicinho + Lay\u2019s<\/a><\/h3><div class=\"t-entry-excerpt\"><\/div><hr \/><div class=\"spacer spacer-one half-space\"><\/div><p class=\"t-entry-meta t-entry-author\"><a href=\"https:\/\/ligaagencia.com\/en\/author\/ozuna\/\" class=\"tmb-avatar-size-md\"><img alt='' src='https:\/\/secure.gravatar.com\/avatar\/4198c7f98b038252e39f3411335b24bb7ff8ecee85574e7485454aa5e7cd9f18?s=40&#038;d=mm&#038;r=g' srcset='https:\/\/secure.gravatar.com\/avatar\/4198c7f98b038252e39f3411335b24bb7ff8ecee85574e7485454aa5e7cd9f18?s=80&#038;d=mm&#038;r=g 2x' class='avatar avatar-40 photo' height='40' width='40' loading='lazy'\/><span class=\"tmb-username-wrap\"><span class=\"tmb-username-text\">by ozuna<\/span><span class=\"tmb-user-qualification\"><\/span><\/span><\/a><\/p><\/div><\/div>\n\t\t\t\t\t\t\t<\/div><\/div><\/div><div class=\"tmb atc-typography-inherit tmb-iso-w12 tmb-iso-h4 tmb-light tmb-text-showed tmb-overlay-anim tmb-content-left tmb-meta-size-default  grid-cat-150 tmb-id-145352 tmb-img-ratio tmb-content-under tmb-media-first tmb-no-bg\" ><div class=\"t-inside animate_when_almost_visible bottom-t-top\" data-delay=\"200\"><div class=\"t-entry-visual\"><div class=\"t-entry-visual-tc\"><div class=\"t-entry-visual-cont\"><span class=\"t-cat-over single-block-padding t-cat-over-topright\"><span class=\"t-entry-category t-cat-over-inner\"><a class=\"transparent-cat tmb-term-evidence font-ui\" href=\"https:\/\/ligaagencia.com\/en\/category\/jobs\/\">Jobs<\/a><\/span><\/span><div class=\"dummy\" style=\"padding-top: 66.7%;\"><\/div><a tabindex=\"-1\" href=\"https:\/\/ligaagencia.com\/en\/jobs\/liga-p4\/\" class=\"pushed\" target=\"_self\" data-lb-index=\"2\"><div class=\"t-entry-visual-overlay\"><div class=\"t-entry-visual-overlay-in style-dark-bg\" style=\"opacity: 0.5;\"><\/div><\/div><img decoding=\"async\" class=\"wp-image-145423\" src=\"https:\/\/ligaagencia.com\/wp-content\/uploads\/2024\/10\/Copia-de-TA-NA-REDE-uai-1080x720.png\" width=\"1080\" height=\"720\" alt=\"\" srcset=\"https:\/\/ligaagencia.com\/wp-content\/uploads\/2024\/10\/Copia-de-TA-NA-REDE-uai-1080x720.png 1080w, https:\/\/ligaagencia.com\/wp-content\/uploads\/2024\/10\/Copia-de-TA-NA-REDE-uai-720x480.png 720w\" sizes=\"(max-width: 1080px) 100vw, 1080px\" \/><\/a><\/div>\n\t\t\t\t\t<\/div>\n\t\t\t\t<\/div><div class=\"t-entry-text\">\n\t\t\t\t\t\t\t\t\t<div class=\"t-entry-text-tc single-block-padding\"><div class=\"t-entry\"><p class=\"t-entry-meta\"><span class=\"t-entry-date\">10 de October de 2024<\/span><\/p><h3 class=\"t-entry-title font-955596 h2 font-weight-700 fontspace-781688 title-scale\"><a href=\"https:\/\/ligaagencia.com\/en\/jobs\/liga-p4\/\" target=\"_self\">Diego Lugano + Mercado Livre<\/a><\/h3><div class=\"t-entry-excerpt\"><\/div><hr \/><div class=\"spacer spacer-one half-space\"><\/div><p class=\"t-entry-meta t-entry-author\"><a href=\"https:\/\/ligaagencia.com\/en\/author\/ozuna\/\" class=\"tmb-avatar-size-md\"><img alt='' src='https:\/\/secure.gravatar.com\/avatar\/4198c7f98b038252e39f3411335b24bb7ff8ecee85574e7485454aa5e7cd9f18?s=40&#038;d=mm&#038;r=g' srcset='https:\/\/secure.gravatar.com\/avatar\/4198c7f98b038252e39f3411335b24bb7ff8ecee85574e7485454aa5e7cd9f18?s=80&#038;d=mm&#038;r=g 2x' class='avatar avatar-40 photo' height='40' width='40' loading='lazy'\/><span class=\"tmb-username-wrap\"><span class=\"tmb-username-text\">by ozuna<\/span><span class=\"tmb-user-qualification\"><\/span><\/span><\/a><\/p><\/div><\/div>\n\t\t\t\t\t\t\t<\/div><\/div><\/div><div class=\"tmb atc-typography-inherit tmb-iso-w12 tmb-iso-h4 tmb-light tmb-text-showed tmb-overlay-anim tmb-content-left tmb-meta-size-default  grid-cat-150 tmb-id-145590 tmb-img-ratio tmb-content-under tmb-media-first tmb-no-bg\" ><div class=\"t-inside animate_when_almost_visible bottom-t-top\" data-delay=\"200\"><div class=\"t-entry-visual\"><div class=\"t-entry-visual-tc\"><div class=\"t-entry-visual-cont\"><span class=\"t-cat-over single-block-padding t-cat-over-topright\"><span class=\"t-entry-category t-cat-over-inner\"><a class=\"transparent-cat tmb-term-evidence font-ui\" href=\"https:\/\/ligaagencia.com\/en\/category\/jobs\/\">Jobs<\/a><\/span><\/span><div class=\"dummy\" style=\"padding-top: 66.7%;\"><\/div><a tabindex=\"-1\" href=\"https:\/\/ligaagencia.com\/en\/jobs\/fabio-santos-espn\/\" class=\"pushed\" target=\"_self\" data-lb-index=\"3\"><div class=\"t-entry-visual-overlay\"><div class=\"t-entry-visual-overlay-in style-dark-bg\" style=\"opacity: 0.5;\"><\/div><\/div><img decoding=\"async\" class=\"wp-image-145591\" src=\"https:\/\/ligaagencia.com\/wp-content\/uploads\/2024\/11\/Copia-de-COMENTARISTA-FABIO-SANTOS-1-uai-1080x720.png\" width=\"1080\" height=\"720\" alt=\"\" srcset=\"https:\/\/ligaagencia.com\/wp-content\/uploads\/2024\/11\/Copia-de-COMENTARISTA-FABIO-SANTOS-1-uai-1080x720.png 1080w, https:\/\/ligaagencia.com\/wp-content\/uploads\/2024\/11\/Copia-de-COMENTARISTA-FABIO-SANTOS-1-uai-720x480.png 720w\" sizes=\"(max-width: 1080px) 100vw, 1080px\" \/><\/a><\/div>\n\t\t\t\t\t<\/div>\n\t\t\t\t<\/div><div class=\"t-entry-text\">\n\t\t\t\t\t\t\t\t\t<div class=\"t-entry-text-tc single-block-padding\"><div class=\"t-entry\"><p class=\"t-entry-meta\"><span class=\"t-entry-date\">11 de October de 2024<\/span><\/p><h3 class=\"t-entry-title font-955596 h2 font-weight-700 fontspace-781688 title-scale\"><a href=\"https:\/\/ligaagencia.com\/en\/jobs\/fabio-santos-espn\/\" target=\"_self\">F\u00e1bio Santos + ESPN<\/a><\/h3><div class=\"t-entry-excerpt\"><\/div><hr \/><div class=\"spacer spacer-one half-space\"><\/div><p class=\"t-entry-meta t-entry-author\"><a href=\"https:\/\/ligaagencia.com\/en\/author\/edu8\/\" class=\"tmb-avatar-size-md\"><img alt='' src='https:\/\/secure.gravatar.com\/avatar\/e0f87543fc56c086605a0023383403897fd5d8cb8314721a61d60be8a75428e3?s=40&#038;d=mm&#038;r=g' srcset='https:\/\/secure.gravatar.com\/avatar\/e0f87543fc56c086605a0023383403897fd5d8cb8314721a61d60be8a75428e3?s=80&#038;d=mm&#038;r=g 2x' class='avatar avatar-40 photo' height='40' width='40' loading='lazy'\/><span class=\"tmb-username-wrap\"><span class=\"tmb-username-text\">by edu8<\/span><span class=\"tmb-user-qualification\"><\/span><\/span><\/a><\/p><\/div><\/div>\n\t\t\t\t\t\t\t<\/div><\/div><\/div><div class=\"tmb atc-typography-inherit tmb-iso-w12 tmb-iso-h4 tmb-light tmb-text-showed tmb-overlay-anim tmb-content-left tmb-meta-size-default  grid-cat-150 tmb-id-145361 tmb-img-ratio tmb-content-under tmb-media-first tmb-no-bg\" ><div class=\"t-inside animate_when_almost_visible bottom-t-top\" data-delay=\"200\"><div class=\"t-entry-visual\"><div class=\"t-entry-visual-tc\"><div class=\"t-entry-visual-cont\"><span class=\"t-cat-over single-block-padding t-cat-over-topright\"><span class=\"t-entry-category t-cat-over-inner\"><a class=\"transparent-cat tmb-term-evidence font-ui\" href=\"https:\/\/ligaagencia.com\/en\/category\/jobs\/\">Jobs<\/a><\/span><\/span><div class=\"dummy\" style=\"padding-top: 66.7%;\"><\/div><a tabindex=\"-1\" href=\"https:\/\/ligaagencia.com\/en\/jobs\/liga-p5\/\" class=\"pushed\" target=\"_self\" data-lb-index=\"4\"><div class=\"t-entry-visual-overlay\"><div class=\"t-entry-visual-overlay-in style-dark-bg\" style=\"opacity: 0.5;\"><\/div><\/div><img decoding=\"async\" class=\"wp-image-145427\" src=\"https:\/\/ligaagencia.com\/wp-content\/uploads\/2024\/10\/Copia-de-FE-NA-FINAL-1-uai-1080x720.png\" width=\"1080\" height=\"720\" alt=\"\" srcset=\"https:\/\/ligaagencia.com\/wp-content\/uploads\/2024\/10\/Copia-de-FE-NA-FINAL-1-uai-1080x720.png 1080w, https:\/\/ligaagencia.com\/wp-content\/uploads\/2024\/10\/Copia-de-FE-NA-FINAL-1-uai-720x480.png 720w\" sizes=\"(max-width: 1080px) 100vw, 1080px\" \/><\/a><\/div>\n\t\t\t\t\t<\/div>\n\t\t\t\t<\/div><div class=\"t-entry-text\">\n\t\t\t\t\t\t\t\t\t<div class=\"t-entry-text-tc single-block-padding\"><div class=\"t-entry\"><p class=\"t-entry-meta\"><span class=\"t-entry-date\">14 de October de 2024<\/span><\/p><h3 class=\"t-entry-title font-955596 h2 font-weight-700 fontspace-781688 title-scale\"><a href=\"https:\/\/ligaagencia.com\/en\/jobs\/liga-p5\/\" target=\"_self\">Betfair \u2013 \"Faith in the Final\"<\/a><\/h3><div class=\"t-entry-excerpt\"><\/div><hr \/><div class=\"spacer spacer-one half-space\"><\/div><p class=\"t-entry-meta t-entry-author\"><a href=\"https:\/\/ligaagencia.com\/en\/author\/ozuna\/\" class=\"tmb-avatar-size-md\"><img alt='' src='https:\/\/secure.gravatar.com\/avatar\/4198c7f98b038252e39f3411335b24bb7ff8ecee85574e7485454aa5e7cd9f18?s=40&#038;d=mm&#038;r=g' srcset='https:\/\/secure.gravatar.com\/avatar\/4198c7f98b038252e39f3411335b24bb7ff8ecee85574e7485454aa5e7cd9f18?s=80&#038;d=mm&#038;r=g 2x' class='avatar avatar-40 photo' height='40' width='40' loading='lazy'\/><span class=\"tmb-username-wrap\"><span class=\"tmb-username-text\">by ozuna<\/span><span class=\"tmb-user-qualification\"><\/span><\/span><\/a><\/p><\/div><\/div>\n\t\t\t\t\t\t\t<\/div><\/div><\/div><div class=\"tmb atc-typography-inherit tmb-iso-w12 tmb-iso-h4 tmb-light tmb-text-showed tmb-overlay-anim tmb-content-left tmb-meta-size-default  grid-cat-150 tmb-id-145363 tmb-img-ratio tmb-content-under tmb-media-first tmb-no-bg\" ><div class=\"t-inside animate_when_almost_visible bottom-t-top\" data-delay=\"200\"><div class=\"t-entry-visual\"><div class=\"t-entry-visual-tc\"><div class=\"t-entry-visual-cont\"><span class=\"t-cat-over single-block-padding t-cat-over-topright\"><span class=\"t-entry-category t-cat-over-inner\"><a class=\"transparent-cat tmb-term-evidence font-ui\" href=\"https:\/\/ligaagencia.com\/en\/category\/jobs\/\">Jobs<\/a><\/span><\/span><div class=\"dummy\" style=\"padding-top: 66.7%;\"><\/div><a tabindex=\"-1\" href=\"https:\/\/ligaagencia.com\/en\/jobs\/liga-p6\/\" class=\"pushed\" target=\"_self\" data-lb-index=\"5\"><div class=\"t-entry-visual-overlay\"><div class=\"t-entry-visual-overlay-in style-dark-bg\" style=\"opacity: 0.5;\"><\/div><\/div><img decoding=\"async\" class=\"wp-image-146182\" src=\"https:\/\/ligaagencia.com\/wp-content\/uploads\/2024\/10\/Copia-de-PEPSI-BLACK-ARENA-2-uai-1080x720.png\" width=\"1080\" height=\"720\" alt=\"\" srcset=\"https:\/\/ligaagencia.com\/wp-content\/uploads\/2024\/10\/Copia-de-PEPSI-BLACK-ARENA-2-uai-1080x720.png 1080w, https:\/\/ligaagencia.com\/wp-content\/uploads\/2024\/10\/Copia-de-PEPSI-BLACK-ARENA-2-uai-720x480.png 720w\" sizes=\"(max-width: 1080px) 100vw, 1080px\" \/><\/a><\/div>\n\t\t\t\t\t<\/div>\n\t\t\t\t<\/div><div class=\"t-entry-text\">\n\t\t\t\t\t\t\t\t\t<div class=\"t-entry-text-tc single-block-padding\"><div class=\"t-entry\"><p class=\"t-entry-meta\"><span class=\"t-entry-date\">14 de October de 2024<\/span><\/p><h3 class=\"t-entry-title font-955596 h2 font-weight-700 fontspace-781688 title-scale\"><a href=\"https:\/\/ligaagencia.com\/en\/jobs\/liga-p6\/\" target=\"_self\">Cicinho + Pepsi &#8211; &#8220;Rua Catar 2022\u201d<\/a><\/h3><div class=\"t-entry-excerpt\"><\/div><hr \/><div class=\"spacer spacer-one half-space\"><\/div><p class=\"t-entry-meta t-entry-author\"><a href=\"https:\/\/ligaagencia.com\/en\/author\/ozuna\/\" class=\"tmb-avatar-size-md\"><img alt='' src='https:\/\/secure.gravatar.com\/avatar\/4198c7f98b038252e39f3411335b24bb7ff8ecee85574e7485454aa5e7cd9f18?s=40&#038;d=mm&#038;r=g' srcset='https:\/\/secure.gravatar.com\/avatar\/4198c7f98b038252e39f3411335b24bb7ff8ecee85574e7485454aa5e7cd9f18?s=80&#038;d=mm&#038;r=g 2x' class='avatar avatar-40 photo' height='40' width='40' loading='lazy'\/><span class=\"tmb-username-wrap\"><span class=\"tmb-username-text\">by ozuna<\/span><span class=\"tmb-user-qualification\"><\/span><\/span><\/a><\/p><\/div><\/div>\n\t\t\t\t\t\t\t<\/div><\/div><\/div><div class=\"tmb atc-typography-inherit tmb-iso-w12 tmb-iso-h4 tmb-light tmb-text-showed tmb-overlay-anim tmb-content-left tmb-meta-size-default  grid-cat-150 tmb-id-146064 tmb-img-ratio tmb-content-under tmb-media-first tmb-no-bg\" ><div class=\"t-inside animate_when_almost_visible bottom-t-top\" data-delay=\"200\"><div class=\"t-entry-visual\"><div class=\"t-entry-visual-tc\"><div class=\"t-entry-visual-cont\"><span class=\"t-cat-over single-block-padding t-cat-over-topright\"><span class=\"t-entry-category t-cat-over-inner\"><a class=\"transparent-cat tmb-term-evidence font-ui\" href=\"https:\/\/ligaagencia.com\/en\/category\/jobs\/\">Jobs<\/a><\/span><\/span><div class=\"dummy\" style=\"padding-top: 66.7%;\"><\/div><a tabindex=\"-1\" href=\"https:\/\/ligaagencia.com\/en\/jobs\/ilsinho-e-elano-tnt-sports\/\" class=\"pushed\" target=\"_self\" data-lb-index=\"6\"><div class=\"t-entry-visual-overlay\"><div class=\"t-entry-visual-overlay-in style-dark-bg\" style=\"opacity: 0.5;\"><\/div><\/div><img decoding=\"async\" class=\"wp-image-146086\" src=\"https:\/\/ligaagencia.com\/wp-content\/uploads\/2025\/04\/capa-elano-ilsinho-uai-1080x720.png\" width=\"1080\" height=\"720\" alt=\"\" srcset=\"https:\/\/ligaagencia.com\/wp-content\/uploads\/2025\/04\/capa-elano-ilsinho-uai-1080x720.png 1080w, https:\/\/ligaagencia.com\/wp-content\/uploads\/2025\/04\/capa-elano-ilsinho-uai-720x480.png 720w\" sizes=\"(max-width: 1080px) 100vw, 1080px\" \/><\/a><\/div>\n\t\t\t\t\t<\/div>\n\t\t\t\t<\/div><div class=\"t-entry-text\">\n\t\t\t\t\t\t\t\t\t<div class=\"t-entry-text-tc single-block-padding\"><div class=\"t-entry\"><p class=\"t-entry-meta\"><span class=\"t-entry-date\">15 de November de 2024<\/span><\/p><h3 class=\"t-entry-title font-955596 h2 font-weight-700 fontspace-781688 title-scale\"><a href=\"https:\/\/ligaagencia.com\/en\/jobs\/ilsinho-e-elano-tnt-sports\/\" target=\"_self\">Ilsinho and Elano | TNT SPORTS<\/a><\/h3><div class=\"t-entry-excerpt\"><\/div><hr \/><div class=\"spacer spacer-one half-space\"><\/div><p class=\"t-entry-meta t-entry-author\"><a href=\"https:\/\/ligaagencia.com\/en\/author\/edu8\/\" class=\"tmb-avatar-size-md\"><img alt='' src='https:\/\/secure.gravatar.com\/avatar\/e0f87543fc56c086605a0023383403897fd5d8cb8314721a61d60be8a75428e3?s=40&#038;d=mm&#038;r=g' srcset='https:\/\/secure.gravatar.com\/avatar\/e0f87543fc56c086605a0023383403897fd5d8cb8314721a61d60be8a75428e3?s=80&#038;d=mm&#038;r=g 2x' class='avatar avatar-40 photo' height='40' width='40' loading='lazy'\/><span class=\"tmb-username-wrap\"><span class=\"tmb-username-text\">by edu8<\/span><span class=\"tmb-user-qualification\"><\/span><\/span><\/a><\/p><\/div><\/div>\n\t\t\t\t\t\t\t<\/div><\/div><\/div><div class=\"tmb atc-typography-inherit tmb-iso-w12 tmb-iso-h4 tmb-light tmb-text-showed tmb-overlay-anim tmb-content-left tmb-meta-size-default  grid-cat-150 tmb-id-145398 tmb-img-ratio tmb-content-under tmb-media-first tmb-no-bg\" ><div class=\"t-inside animate_when_almost_visible bottom-t-top\" data-delay=\"200\"><div class=\"t-entry-visual\"><div class=\"t-entry-visual-tc\"><div class=\"t-entry-visual-cont\"><span class=\"t-cat-over single-block-padding t-cat-over-topright\"><span class=\"t-entry-category t-cat-over-inner\"><a class=\"transparent-cat tmb-term-evidence font-ui\" href=\"https:\/\/ligaagencia.com\/en\/category\/jobs\/\">Jobs<\/a><\/span><\/span><div class=\"dummy\" style=\"padding-top: 66.7%;\"><\/div><a tabindex=\"-1\" href=\"https:\/\/ligaagencia.com\/en\/jobs\/liga-p7\/\" class=\"pushed\" target=\"_self\" data-lb-index=\"7\"><div class=\"t-entry-visual-overlay\"><div class=\"t-entry-visual-overlay-in style-dark-bg\" style=\"opacity: 0.5;\"><\/div><\/div><img decoding=\"async\" class=\"wp-image-146181\" src=\"https:\/\/ligaagencia.com\/wp-content\/uploads\/2024\/11\/CAPA-MORUMBIS-uai-1080x720.png\" width=\"1080\" height=\"720\" alt=\"\" srcset=\"https:\/\/ligaagencia.com\/wp-content\/uploads\/2024\/11\/CAPA-MORUMBIS-uai-1080x720.png 1080w, https:\/\/ligaagencia.com\/wp-content\/uploads\/2024\/11\/CAPA-MORUMBIS-uai-720x480.png 720w\" sizes=\"(max-width: 1080px) 100vw, 1080px\" \/><\/a><\/div>\n\t\t\t\t\t<\/div>\n\t\t\t\t<\/div><div class=\"t-entry-text\">\n\t\t\t\t\t\t\t\t\t<div class=\"t-entry-text-tc single-block-padding\"><div class=\"t-entry\"><p class=\"t-entry-meta\"><span class=\"t-entry-date\">18 de November de 2024<\/span><\/p><h3 class=\"t-entry-title font-955596 h2 font-weight-700 fontspace-781688 title-scale\"><a href=\"https:\/\/ligaagencia.com\/en\/jobs\/liga-p7\/\" target=\"_self\">MorumBIS<\/a><\/h3><div class=\"t-entry-excerpt\"><\/div><hr \/><div class=\"spacer spacer-one half-space\"><\/div><p class=\"t-entry-meta t-entry-author\"><a href=\"https:\/\/ligaagencia.com\/en\/author\/edu8\/\" class=\"tmb-avatar-size-md\"><img alt='' src='https:\/\/secure.gravatar.com\/avatar\/e0f87543fc56c086605a0023383403897fd5d8cb8314721a61d60be8a75428e3?s=40&#038;d=mm&#038;r=g' srcset='https:\/\/secure.gravatar.com\/avatar\/e0f87543fc56c086605a0023383403897fd5d8cb8314721a61d60be8a75428e3?s=80&#038;d=mm&#038;r=g 2x' class='avatar avatar-40 photo' height='40' width='40' loading='lazy'\/><span class=\"tmb-username-wrap\"><span class=\"tmb-username-text\">by edu8<\/span><span class=\"tmb-user-qualification\"><\/span><\/span><\/a><\/p><\/div><\/div>\n\t\t\t\t\t\t\t<\/div><\/div><\/div>\t\t<\/div>\t\n\t\n\n\t<\/div>\t\t\t<\/div>\n<\/div><\/div><\/div><\/div><\/div><script id=\"script-row-unique-0\" data-row=\"script-row-unique-0\" type=\"text\/javascript\" class=\"vc_controls\">UNCODE.initRow(document.getElementById(\"row-unique-0\"));<\/script><\/div><\/div><\/div>\n<\/div>","protected":false},"excerpt":{"rendered":"MorumBISCliente: BIS &#8211; Servi\u00e7o: Prospec\u00e7\u00e3o e gest\u00e3o de talento &#8211; Ano: 2024 Em um momento marcante para o futebol nacional, [...]","protected":false},"author":1,"featured_media":0,"parent":36645,"menu_order":0,"comment_status":"open","ping_status":"closed","template":"","meta":{"footnotes":""},"class_list":["post-4325","page","type-page","status-publish","hentry"],"_links":{"self":[{"href":"https:\/\/ligaagencia.com\/en\/wp-json\/wp\/v2\/pages\/4325","targetHints":{"allow":["GET"]}}],"collection":[{"href":"https:\/\/ligaagencia.com\/en\/wp-json\/wp\/v2\/pages"}],"about":[{"href":"https:\/\/ligaagencia.com\/en\/wp-json\/wp\/v2\/types\/page"}],"author":[{"embeddable":true,"href":"https:\/\/ligaagencia.com\/en\/wp-json\/wp\/v2\/users\/1"}],"replies":[{"embeddable":true,"href":"https:\/\/ligaagencia.com\/en\/wp-json\/wp\/v2\/comments?post=4325"}],"version-history":[{"count":0,"href":"https:\/\/ligaagencia.com\/en\/wp-json\/wp\/v2\/pages\/4325\/revisions"}],"up":[{"embeddable":true,"href":"https:\/\/ligaagencia.com\/en\/wp-json\/wp\/v2\/pages\/36645"}],"wp:attachment":[{"href":"https:\/\/ligaagencia.com\/en\/wp-json\/wp\/v2\/media?parent=4325"}],"curies":[{"name":"wp","href":"https:\/\/api.w.org\/{rel}","templated":true}]}}