{"id":123151,"date":"2022-12-22T15:21:06","date_gmt":"2022-12-22T14:21:06","guid":{"rendered":"https:\/\/undsgn.com\/uncode\/?page_id=123151"},"modified":"2022-12-22T15:21:06","modified_gmt":"2022-12-22T14:21:06","slug":"portfolio-video-cover","status":"publish","type":"page","link":"https:\/\/ligaagencia.com\/en\/portfolio-video-cover\/","title":{"rendered":"Portfolio Video Cover"},"content":{"rendered":"<div class=\"wpb-content-wrapper\"><div data-parent=\"true\" class=\"vc_row row-container\" id=\"row-unique-0\"><div class=\"row quad-top-padding quad-bottom-padding double-h-padding full-width row-parent\"><div class=\"wpb_row row-inner\"><div class=\"wpb_column pos-top pos-center align_center column_parent col-lg-12 single-internal-gutter\"><div class=\"uncol style-light\"  ><div class=\"uncoltable\"><div class=\"uncell no-block-padding\" ><div class=\"uncont\" ><div class=\"vc_row row-internal row-container\"><div class=\"row row-child\"><div class=\"wpb_row row-inner\"><div class=\"wpb_column pos-middle pos-center align_left column_child col-lg-6 single-internal-gutter\"><div class=\"uncol style-light\" ><div class=\"uncoltable\"><div class=\"uncell no-block-padding\" ><div class=\"uncont\" ><div class=\"vc_custom_heading_wrap\"><div class=\"heading-text el-text\" ><h1 class=\"font-846016 h1 font-weight-400\" ><span>Jakub Gordon<br \/><\/span><span>digital product designer<\/span><\/h1><\/div><div class=\"clear\"><\/div><\/div><\/div><\/div><\/div><\/div><\/div><div class=\"wpb_column pos-top pos-center align_left column_child col-lg-6 single-internal-gutter\"><div class=\"uncol style-light\" ><div class=\"uncoltable\"><div class=\"uncell no-block-padding\" ><div class=\"uncont\" ><div class=\"vc_custom_heading_wrap\"><div class=\"heading-text el-text\" ><h2 class=\"font-846016 h4 fontheight-357766 font-weight-400\" ><span>Holistic, fluid and at times playfully unpredictable, our approach to crafting visual identities is macro in framework and micro in detail. Work that is critically selective yet emotionally rich, spanning disciplines and bringing together teams of creatives attuned to the needs of today\u2019s clients.<\/span><\/h2><\/div><div class=\"clear\"><\/div><\/div><\/div><\/div><\/div><\/div><\/div><\/div><\/div><\/div><\/div><\/div><\/div><\/div><\/div><script id=\"script-row-unique-0\" data-row=\"script-row-unique-0\" type=\"text\/javascript\" class=\"vc_controls\">UNCODE.initRow(document.getElementById(\"row-unique-0\"));<\/script><\/div><\/div><\/div><div data-parent=\"true\" class=\"vc_row row-container\" id=\"row-unique-1\"><div class=\"row no-top-padding quad-bottom-padding double-h-padding full-width row-parent\"><div class=\"wpb_row row-inner\"><div class=\"wpb_column pos-top pos-center align_left column_parent col-lg-12 single-internal-gutter\"><div class=\"uncol style-light\"  ><div class=\"uncoltable\"><div class=\"uncell no-block-padding\" ><div class=\"uncont\" ><div id=\"index-848102\" class=\"cssgrid-system cssgrid-general-light grid-general-light cssgrid-190019 cssgrid-animate-sequential\" >\n\t\t\t\n\t\t\t\t\t\t\t\t\t\t\t\t<div class=\"cssgrid-wrapper grid-wrapper cssgrid-single-gutter\" >\t\t\t\t\t\t\t\t\t\t\t\t<div class=\"cssgrid-container grid-container cssgrid-layout cssgrid-pagination grid-pagination\" >\t\t\t<div class=\"tmb atc-typography-inherit tmb-grid tmb-iso-h4 tmb-light tmb-content-left tmb-text-space-reduced tmb-image-anim  grid-cat-148 tmb-id-145223 tmb-img-ratio tmb-content-under tmb-media-first tmb-no-bg has-no-control no-control-lazy-poster\" ><div class=\"t-inside animate_when_almost_visible bottom-t-top\" data-speed=\"1000\" data-cursor=\"icon-light\"><div class=\"t-entry-visual\"><div class=\"t-entry-visual-tc\"><div class=\"t-entry-visual-cont\"><div class=\"dummy\" style=\"padding-top: 74.9%;\"><\/div><a tabindex=\"-1\" href=\"https:\/\/ligaagencia.com\/en\/portfolio\/145223-2\/\" class=\"pushed\" target=\"_self\" data-lb-index=\"0\"><div class=\"t-entry-visual-overlay\"><div class=\"t-entry-visual-overlay-in style-dark-bg\" style=\"opacity: 0.5;\"><\/div><\/div><img decoding=\"async\" class=\"wp-image-145252\" src=\"https:\/\/ligaagencia.com\/wp-content\/uploads\/2024\/10\/01ef8a3903bd457f0cbe7bbad8f1432b-uai-994x745.png\" width=\"994\" height=\"745\" alt=\"\" srcset=\"https:\/\/ligaagencia.com\/wp-content\/uploads\/2024\/10\/01ef8a3903bd457f0cbe7bbad8f1432b-uai-994x745.png 994w, https:\/\/ligaagencia.com\/wp-content\/uploads\/2024\/10\/01ef8a3903bd457f0cbe7bbad8f1432b-uai-720x540.png 720w\" sizes=\"(max-width: 994px) 100vw, 994px\" \/><\/a><\/div>\n\t\t\t\t\t<\/div>\n\t\t\t\t<\/div><div class=\"t-entry-text\">\n\t\t\t\t\t\t\t\t\t<div class=\"t-entry-text-tc single-block-padding\"><div class=\"t-entry\"><h3 class=\"t-entry-title font-846016 h4 font-weight-400 title-scale\"><a href=\"https:\/\/ligaagencia.com\/en\/portfolio\/145223-2\/\" target=\"_self\">Liga &#8211; P1<\/a><\/h3><\/div><\/div>\n\t\t\t\t\t\t\t<\/div><\/div><\/div><div class=\"tmb atc-typography-inherit tmb-grid tmb-iso-h4 tmb-light tmb-content-left tmb-text-space-reduced tmb-image-anim  grid-cat-34 grid-cat-43 tmb-id-4154 tmb-img-ratio tmb-content-under tmb-media-first tmb-no-bg has-no-control no-control-lazy-poster\" ><div class=\"t-inside animate_when_almost_visible bottom-t-top\" data-speed=\"1000\" data-cursor=\"icon-light\"><div class=\"t-entry-visual\"><div class=\"t-entry-visual-tc\"><div class=\"t-entry-visual-cont\"><div class=\"dummy\" style=\"padding-top: 75%;\"><\/div><a tabindex=\"-1\" href=\"https:\/\/ligaagencia.com\/en\/portfolio\/designer-layout\/\" class=\"pushed\" target=\"_self\" data-lb-index=\"1\"><div class=\"t-entry-visual-overlay\"><div class=\"t-entry-visual-overlay-in style-dark-bg\" style=\"opacity: 0.5;\"><\/div><\/div><img decoding=\"async\" class=\"wp-image-11304\" src=\"https:\/\/ligaagencia.com\/wp-content\/uploads\/2024\/09\/image-placeholder-8-uai-1706x1280.jpg\" width=\"1706\" height=\"1280\" alt=\"\" srcset=\"https:\/\/ligaagencia.com\/wp-content\/uploads\/2024\/09\/image-placeholder-8-uai-1706x1280.jpg 1706w, https:\/\/ligaagencia.com\/wp-content\/uploads\/2024\/09\/image-placeholder-8-uai-720x540.jpg 720w\" sizes=\"(max-width: 1706px) 100vw, 1706px\" \/><\/a><\/div>\n\t\t\t\t\t<\/div>\n\t\t\t\t<\/div><div class=\"t-entry-text\">\n\t\t\t\t\t\t\t\t\t<div class=\"t-entry-text-tc single-block-padding\"><div class=\"t-entry\"><h3 class=\"t-entry-title font-846016 h4 font-weight-400 title-scale\"><a href=\"https:\/\/ligaagencia.com\/en\/portfolio\/designer-layout\/\" target=\"_self\">Designer Layout<\/a><\/h3><\/div><\/div>\n\t\t\t\t\t\t\t<\/div><\/div><\/div><div class=\"tmb atc-typography-inherit tmb-grid tmb-iso-h4 tmb-light tmb-content-left tmb-text-space-reduced tmb-image-anim  grid-cat-40 grid-cat-64 tmb-id-4151 tmb-img-ratio tmb-content-under tmb-media-first tmb-no-bg has-no-control no-control-lazy-poster\" ><div class=\"t-inside animate_when_almost_visible bottom-t-top\" data-speed=\"1000\" data-cursor=\"icon-light\"><div class=\"t-entry-visual\"><div class=\"t-entry-visual-tc\"><div class=\"t-entry-visual-cont\"><div class=\"dummy\" style=\"padding-top: 75%;\"><\/div><a tabindex=\"-1\" href=\"https:\/\/ligaagencia.com\/en\/portfolio\/original-layout\/\" class=\"pushed\" target=\"_self\" data-lb-index=\"2\"><div class=\"t-entry-visual-overlay\"><div class=\"t-entry-visual-overlay-in style-dark-bg\" style=\"opacity: 0.5;\"><\/div><\/div><img decoding=\"async\" class=\"wp-image-2440\" src=\"https:\/\/ligaagencia.com\/wp-content\/uploads\/2024\/09\/image-placeholder-10-uai-1706x1280.jpg\" width=\"1706\" height=\"1280\" alt=\"\" srcset=\"https:\/\/ligaagencia.com\/wp-content\/uploads\/2024\/09\/image-placeholder-10-uai-1706x1280.jpg 1706w, https:\/\/ligaagencia.com\/wp-content\/uploads\/2024\/09\/image-placeholder-10-uai-720x540.jpg 720w\" sizes=\"(max-width: 1706px) 100vw, 1706px\" \/><\/a><\/div>\n\t\t\t\t\t<\/div>\n\t\t\t\t<\/div><div class=\"t-entry-text\">\n\t\t\t\t\t\t\t\t\t<div class=\"t-entry-text-tc single-block-padding\"><div class=\"t-entry\"><h3 class=\"t-entry-title font-846016 h4 font-weight-400 title-scale\"><a href=\"https:\/\/ligaagencia.com\/en\/portfolio\/original-layout\/\" target=\"_self\">Original Layout<\/a><\/h3><\/div><\/div>\n\t\t\t\t\t\t\t<\/div><\/div><\/div><div class=\"tmb atc-typography-inherit tmb-grid tmb-iso-h4 tmb-light tmb-content-left tmb-text-space-reduced tmb-image-anim  grid-cat-40 grid-cat-51 tmb-id-4146 tmb-img-ratio tmb-content-under tmb-media-first tmb-no-bg has-no-control no-control-lazy-poster\" ><div class=\"t-inside animate_when_almost_visible bottom-t-top\" data-speed=\"1000\" data-cursor=\"icon-light\"><div class=\"t-entry-visual\"><div class=\"t-entry-visual-tc\"><div class=\"t-entry-visual-cont\"><div class=\"dummy\" style=\"padding-top: 75%;\"><\/div><a tabindex=\"-1\" href=\"https:\/\/ligaagencia.com\/en\/portfolio\/sidebar-stack-full-layout\/\" class=\"pushed\" target=\"_self\" data-lb-index=\"3\"><div class=\"t-entry-visual-overlay\"><div class=\"t-entry-visual-overlay-in style-dark-bg\" style=\"opacity: 0.5;\"><\/div><\/div><img decoding=\"async\" class=\"wp-image-11298\" src=\"https:\/\/ligaagencia.com\/wp-content\/uploads\/2024\/09\/image-placeholder-3-uai-1706x1280.jpg\" width=\"1706\" height=\"1280\" alt=\"\" srcset=\"https:\/\/ligaagencia.com\/wp-content\/uploads\/2024\/09\/image-placeholder-3-uai-1706x1280.jpg 1706w, https:\/\/ligaagencia.com\/wp-content\/uploads\/2024\/09\/image-placeholder-3-uai-720x540.jpg 720w\" sizes=\"(max-width: 1706px) 100vw, 1706px\" \/><\/a><\/div>\n\t\t\t\t\t<\/div>\n\t\t\t\t<\/div><div class=\"t-entry-text\">\n\t\t\t\t\t\t\t\t\t<div class=\"t-entry-text-tc single-block-padding\"><div class=\"t-entry\"><h3 class=\"t-entry-title font-846016 h4 font-weight-400 title-scale\"><a href=\"https:\/\/ligaagencia.com\/en\/portfolio\/sidebar-stack-full-layout\/\" target=\"_self\">Sidebar Stack Full Layout<\/a><\/h3><\/div><\/div>\n\t\t\t\t\t\t\t<\/div><\/div><\/div><div class=\"tmb atc-typography-inherit tmb-grid tmb-iso-h4 tmb-light tmb-content-left tmb-text-space-reduced tmb-image-anim  grid-cat-34 grid-cat-43 tmb-id-4142 tmb-img-ratio tmb-content-under tmb-media-first tmb-no-bg has-no-control no-control-lazy-poster\" ><div class=\"t-inside animate_when_almost_visible bottom-t-top\" data-speed=\"1000\" data-cursor=\"icon-light\"><div class=\"t-entry-visual\"><div class=\"t-entry-visual-tc\"><div class=\"t-entry-visual-cont\"><div class=\"dummy\" style=\"padding-top: 75%;\"><\/div><a tabindex=\"-1\" href=\"https:\/\/ligaagencia.com\/en\/portfolio\/architect-layout\/\" class=\"pushed\" target=\"_self\" data-lb-index=\"4\"><div class=\"t-entry-visual-overlay\"><div class=\"t-entry-visual-overlay-in style-dark-bg\" style=\"opacity: 0.5;\"><\/div><\/div><img decoding=\"async\" class=\"wp-image-2286\" src=\"https:\/\/ligaagencia.com\/wp-content\/uploads\/2024\/09\/image-placeholder-7-uai-1706x1280.jpg\" width=\"1706\" height=\"1280\" alt=\"\" srcset=\"https:\/\/ligaagencia.com\/wp-content\/uploads\/2024\/09\/image-placeholder-7-uai-1706x1280.jpg 1706w, https:\/\/ligaagencia.com\/wp-content\/uploads\/2024\/09\/image-placeholder-7-uai-720x540.jpg 720w\" sizes=\"(max-width: 1706px) 100vw, 1706px\" \/><\/a><\/div>\n\t\t\t\t\t<\/div>\n\t\t\t\t<\/div><div class=\"t-entry-text\">\n\t\t\t\t\t\t\t\t\t<div class=\"t-entry-text-tc single-block-padding\"><div class=\"t-entry\"><h3 class=\"t-entry-title font-846016 h4 font-weight-400 title-scale\"><a href=\"https:\/\/ligaagencia.com\/en\/portfolio\/architect-layout\/\" target=\"_self\">Architect Layout<\/a><\/h3><\/div><\/div>\n\t\t\t\t\t\t\t<\/div><\/div><\/div><div class=\"tmb atc-typography-inherit tmb-grid tmb-iso-h4 tmb-light tmb-content-left tmb-text-space-reduced tmb-image-anim  grid-cat-43 grid-cat-64 tmb-id-4140 tmb-img-ratio tmb-content-under tmb-media-first tmb-no-bg has-no-control no-control-lazy-poster\" ><div class=\"t-inside animate_when_almost_visible bottom-t-top\" data-speed=\"1000\" data-cursor=\"icon-light\"><div class=\"t-entry-visual\"><div class=\"t-entry-visual-tc\"><div class=\"t-entry-visual-cont\"><div class=\"dummy\" style=\"padding-top: 75%;\"><\/div><a tabindex=\"-1\" href=\"https:\/\/ligaagencia.com\/en\/portfolio\/digital-web-layout\/\" class=\"pushed\" target=\"_self\" data-lb-index=\"5\"><div class=\"t-entry-visual-overlay\"><div class=\"t-entry-visual-overlay-in style-dark-bg\" style=\"opacity: 0.5;\"><\/div><\/div><img decoding=\"async\" class=\"wp-image-11297\" src=\"https:\/\/ligaagencia.com\/wp-content\/uploads\/2024\/09\/image-placeholder-1-uai-1706x1280.jpg\" width=\"1706\" height=\"1280\" alt=\"\" srcset=\"https:\/\/ligaagencia.com\/wp-content\/uploads\/2024\/09\/image-placeholder-1-uai-1706x1280.jpg 1706w, https:\/\/ligaagencia.com\/wp-content\/uploads\/2024\/09\/image-placeholder-1-uai-720x540.jpg 720w\" sizes=\"(max-width: 1706px) 100vw, 1706px\" \/><\/a><\/div>\n\t\t\t\t\t<\/div>\n\t\t\t\t<\/div><div class=\"t-entry-text\">\n\t\t\t\t\t\t\t\t\t<div class=\"t-entry-text-tc single-block-padding\"><div class=\"t-entry\"><h3 class=\"t-entry-title font-846016 h4 font-weight-400 title-scale\"><a href=\"https:\/\/ligaagencia.com\/en\/portfolio\/digital-web-layout\/\" target=\"_self\">Digital Web Layout<\/a><\/h3><\/div><\/div>\n\t\t\t\t\t\t\t<\/div><\/div><\/div>\t\t<\/div>\t\n\t\n\n\t<\/div>\t\t\t<\/div>\n<\/div><\/div><\/div><\/div><\/div><script id=\"script-row-unique-1\" data-row=\"script-row-unique-1\" type=\"text\/javascript\" class=\"vc_controls\">UNCODE.initRow(document.getElementById(\"row-unique-1\"));<\/script><\/div><\/div><\/div><div data-parent=\"true\" class=\"vc_row style-color-xsdn-bg row-container\" id=\"row-unique-2\"><div class=\"row no-top-padding quad-bottom-padding double-h-padding full-width row-parent\"><div class=\"wpb_row row-inner\"><div class=\"wpb_column pos-top pos-center align_left column_parent col-lg-12 double-internal-gutter\"><div class=\"uncol style-light\"  ><div class=\"uncoltable\"><div class=\"uncell no-block-padding\" ><div class=\"uncont\" ><div class=\"vc_row row-internal row-container\"><div class=\"row row-child\"><div class=\"wpb_row row-inner\"><div class=\"wpb_column pos-middle pos-center align_left column_child col-lg-6 single-internal-gutter\"><div class=\"uncol style-light\" ><div class=\"uncoltable\"><div class=\"uncell no-block-padding\" ><div class=\"uncont\" ><div class=\"vc_custom_heading_wrap\"><div class=\"heading-text el-text\" ><h2 class=\"font-846016 h1 font-weight-400\" ><span>Latest News<\/span><\/h2><\/div><div class=\"clear\"><\/div><\/div><\/div><\/div><\/div><\/div><\/div><div class=\"wpb_column pos-top pos-center align_left column_child col-lg-6 tablet-hidden mobile-hidden single-internal-gutter\"><div class=\"uncol style-light\" ><div class=\"uncoltable\"><div class=\"uncell no-block-padding\" ><div class=\"uncont\" ><\/div><\/div><\/div><\/div><\/div><\/div><\/div><\/div><div class=\"uncode-post-table single-gutter uncode-post-table-valign-middle mobile-stacked uncode-post-table-hover uncode-post-table-hover-opacity\" >\n\t\t\t\t\t\t\t\t\t\t\t\t\t\t\t\t\t\t\t\t<div class=\"tmb tmb-table tmb-table-border tmb-table-border-between tmb-table-border-both tmb-click-row atc-typography-inherit tmb-iso-w4 tmb-iso-h4 img-circle tmb-light tmb-overlay-text-anim tmb-overlay-anim tmb-content-left tmb-content-last-right tmb-image-anim-magnetic  grid-cat-150 tmb-id-146298 tmb-table-single-h-padding tmb-only-text tmb-content-under tmb-no-bg\" ><a href=\"https:\/\/ligaagencia.com\/en\/jobs\/quando-as-geracoes-de-idolos-vestem-uma-ideia\/\" class=\"table-click-row\" target=\"_self\"><\/a><div class=\"t-inside animate_when_almost_visible bottom-t-top\" data-speed=\"1000\" data-cursor=\"icon-dark\"><div class=\"t-inside-post-table t-entry-text\"><div class=\"uncode-post-table-column post-table-column-1 t-entry t-col-two col-lg-6 col-md-6\"><h3 class=\"t-entry-title font-846016 h4 font-weight-400 title-scale\"><a href=\"https:\/\/ligaagencia.com\/en\/jobs\/quando-as-geracoes-de-idolos-vestem-uma-ideia\/\" target=\"_self\">When generations of legends wear an Idea<\/a><\/h3><\/div><div class=\"uncode-post-table-column post-table-column-2 t-entry t-col-one col-lg-2 col-md-2\"><p class=\"font-846016 h4 font-weight-400 title-scale t-entry-table-typography\">7 de August de 2025<\/p><\/div><div class=\"uncode-post-table-column post-table-column-3 t-entry t-col-three col-lg-2 col-md-2\"><p class=\"font-846016 h4 font-weight-400 title-scale t-entry-table-typography t-table-author\"><a href=\"https:\/\/ligaagencia.com\/en\/author\/edu8\/\" class=\"tmb-avatar-size-sm\"><span class=\"tmb-username-wrap tmb-username-wrap-block\"><span class=\"tmb-username-text\">by edu8<\/span><\/span><\/a><\/p><\/div><div class=\"uncode-post-table-column post-table-column-4 t-entry t-col-four col-lg-2 col-md-2\"><p class=\"font-846016 h4 font-weight-400 title-scale t-entry-table-typography\"><a href=\"https:\/\/ligaagencia.com\/en\/jobs\/quando-as-geracoes-de-idolos-vestem-uma-ideia\/\" target=\"_self\">Read More<\/a><\/p><\/div><\/div><\/div><\/div><div class=\"tmb tmb-table tmb-table-border tmb-table-border-between tmb-table-border-both tmb-click-row atc-typography-inherit tmb-iso-w4 tmb-iso-h4 img-circle tmb-light tmb-overlay-text-anim tmb-overlay-anim tmb-content-left tmb-content-last-right tmb-image-anim-magnetic  grid-cat-150 tmb-id-146202 tmb-table-single-h-padding tmb-only-text tmb-content-under tmb-no-bg\" ><a href=\"https:\/\/ligaagencia.com\/en\/jobs\/fabio-santos-sccp-x-boca\/\" class=\"table-click-row\" target=\"_self\"><\/a><div class=\"t-inside animate_when_almost_visible bottom-t-top\" data-speed=\"1000\" data-cursor=\"icon-dark\"><div class=\"t-inside-post-table t-entry-text\"><div class=\"uncode-post-table-column post-table-column-1 t-entry t-col-two col-lg-6 col-md-6\"><h3 class=\"t-entry-title font-846016 h4 font-weight-400 title-scale\"><a href=\"https:\/\/ligaagencia.com\/en\/jobs\/fabio-santos-sccp-x-boca\/\" target=\"_self\">F\u00e1bio Santos | SCCP x Boca<\/a><\/h3><\/div><div class=\"uncode-post-table-column post-table-column-2 t-entry t-col-one col-lg-2 col-md-2\"><p class=\"font-846016 h4 font-weight-400 title-scale t-entry-table-typography\">5 de August de 2025<\/p><\/div><div class=\"uncode-post-table-column post-table-column-3 t-entry t-col-three col-lg-2 col-md-2\"><p class=\"font-846016 h4 font-weight-400 title-scale t-entry-table-typography t-table-author\"><a href=\"https:\/\/ligaagencia.com\/en\/author\/edu8\/\" class=\"tmb-avatar-size-sm\"><span class=\"tmb-username-wrap tmb-username-wrap-block\"><span class=\"tmb-username-text\">by edu8<\/span><\/span><\/a><\/p><\/div><div class=\"uncode-post-table-column post-table-column-4 t-entry t-col-four col-lg-2 col-md-2\"><p class=\"font-846016 h4 font-weight-400 title-scale t-entry-table-typography\"><a href=\"https:\/\/ligaagencia.com\/en\/jobs\/fabio-santos-sccp-x-boca\/\" target=\"_self\">Read More<\/a><\/p><\/div><\/div><\/div><\/div><div class=\"tmb tmb-table tmb-table-border tmb-table-border-between tmb-table-border-both tmb-click-row atc-typography-inherit tmb-iso-w4 tmb-iso-h4 img-circle tmb-light tmb-overlay-text-anim tmb-overlay-anim tmb-content-left tmb-content-last-right tmb-image-anim-magnetic  grid-cat-150 tmb-id-146192 tmb-table-single-h-padding tmb-only-text tmb-content-under tmb-no-bg\" ><a href=\"https:\/\/ligaagencia.com\/en\/jobs\/ciao-pisa-as-primeiras-impressoes-importam\/\" class=\"table-click-row\" target=\"_self\"><\/a><div class=\"t-inside animate_when_almost_visible bottom-t-top\" data-speed=\"1000\" data-cursor=\"icon-dark\"><div class=\"t-inside-post-table t-entry-text\"><div class=\"uncode-post-table-column post-table-column-1 t-entry t-col-two col-lg-6 col-md-6\"><h3 class=\"t-entry-title font-846016 h4 font-weight-400 title-scale\"><a href=\"https:\/\/ligaagencia.com\/en\/jobs\/ciao-pisa-as-primeiras-impressoes-importam\/\" target=\"_self\">CIAO, PISA: First Impressions Matter<\/a><\/h3><\/div><div class=\"uncode-post-table-column post-table-column-2 t-entry t-col-one col-lg-2 col-md-2\"><p class=\"font-846016 h4 font-weight-400 title-scale t-entry-table-typography\">5 de August de 2025<\/p><\/div><div class=\"uncode-post-table-column post-table-column-3 t-entry t-col-three col-lg-2 col-md-2\"><p class=\"font-846016 h4 font-weight-400 title-scale t-entry-table-typography t-table-author\"><a href=\"https:\/\/ligaagencia.com\/en\/author\/edu8\/\" class=\"tmb-avatar-size-sm\"><span class=\"tmb-username-wrap tmb-username-wrap-block\"><span class=\"tmb-username-text\">by edu8<\/span><\/span><\/a><\/p><\/div><div class=\"uncode-post-table-column post-table-column-4 t-entry t-col-four col-lg-2 col-md-2\"><p class=\"font-846016 h4 font-weight-400 title-scale t-entry-table-typography\"><a href=\"https:\/\/ligaagencia.com\/en\/jobs\/ciao-pisa-as-primeiras-impressoes-importam\/\" target=\"_self\">Read More<\/a><\/p><\/div><\/div><\/div><\/div><div class=\"tmb tmb-table tmb-table-border tmb-table-border-between tmb-table-border-both tmb-click-row atc-typography-inherit tmb-iso-w4 tmb-iso-h4 img-circle tmb-light tmb-overlay-text-anim tmb-overlay-anim tmb-content-left tmb-content-last-right tmb-image-anim-magnetic  grid-cat-150 tmb-id-146055 tmb-table-single-h-padding tmb-only-text tmb-content-under tmb-no-bg\" ><a href=\"https:\/\/ligaagencia.com\/en\/jobs\/cazetv-paulistao-2025\/\" class=\"table-click-row\" target=\"_self\"><\/a><div class=\"t-inside animate_when_almost_visible bottom-t-top\" data-speed=\"1000\" data-cursor=\"icon-dark\"><div class=\"t-inside-post-table t-entry-text\"><div class=\"uncode-post-table-column post-table-column-1 t-entry t-col-two col-lg-6 col-md-6\"><h3 class=\"t-entry-title font-846016 h4 font-weight-400 title-scale\"><a href=\"https:\/\/ligaagencia.com\/en\/jobs\/cazetv-paulistao-2025\/\" target=\"_self\">Caz\u00e9TV | Paulist\u00e3o 2025<\/a><\/h3><\/div><div class=\"uncode-post-table-column post-table-column-2 t-entry t-col-one col-lg-2 col-md-2\"><p class=\"font-846016 h4 font-weight-400 title-scale t-entry-table-typography\">23 de April de 2025<\/p><\/div><div class=\"uncode-post-table-column post-table-column-3 t-entry t-col-three col-lg-2 col-md-2\"><p class=\"font-846016 h4 font-weight-400 title-scale t-entry-table-typography t-table-author\"><a href=\"https:\/\/ligaagencia.com\/en\/author\/edu8\/\" class=\"tmb-avatar-size-sm\"><span class=\"tmb-username-wrap tmb-username-wrap-block\"><span class=\"tmb-username-text\">by edu8<\/span><\/span><\/a><\/p><\/div><div class=\"uncode-post-table-column post-table-column-4 t-entry t-col-four col-lg-2 col-md-2\"><p class=\"font-846016 h4 font-weight-400 title-scale t-entry-table-typography\"><a href=\"https:\/\/ligaagencia.com\/en\/jobs\/cazetv-paulistao-2025\/\" target=\"_self\">Read More<\/a><\/p><\/div><\/div><\/div><\/div>\t\t\t\n\t\n\n\t\t\t\t<\/div>\n<\/div><\/div><\/div><\/div><\/div><script id=\"script-row-unique-2\" data-row=\"script-row-unique-2\" type=\"text\/javascript\" class=\"vc_controls\">UNCODE.initRow(document.getElementById(\"row-unique-2\"));<\/script><\/div><\/div><\/div><div data-parent=\"true\" class=\"vc_row style-color-xsdn-bg row-container\" id=\"row-unique-3\"><div class=\"row no-top-padding no-bottom-padding double-h-padding full-width row-parent\"><div class=\"wpb_row row-inner\"><div class=\"wpb_column pos-top pos-center align_left column_parent col-lg-12 single-internal-gutter\"><div class=\"uncol style-light\"  ><div class=\"uncoltable\"><div class=\"uncell no-block-padding\" ><div class=\"uncont\" ><div class=\"divider-wrapper\"  >\n    <hr class=\"border-,Default-color separator-no-padding\"  \/>\n<\/div>\n<\/div><\/div><\/div><\/div><\/div><script id=\"script-row-unique-3\" data-row=\"script-row-unique-3\" type=\"text\/javascript\" class=\"vc_controls\">UNCODE.initRow(document.getElementById(\"row-unique-3\"));<\/script><\/div><\/div><\/div><div data-parent=\"true\" class=\"vc_row inverted-device-order style-color-wayh-bg row-container\" id=\"row-unique-4\"><div class=\"row double-top-padding double-bottom-padding double-h-padding full-width row-parent\"><div class=\"wpb_row row-inner\"><div class=\"wpb_column pos-middle pos-center align_left align_center_mobile column_parent col-lg-6 col-md-50 single-internal-gutter\"><div class=\"uncol style-dark\"  ><div class=\"uncoltable\"><div class=\"uncell no-block-padding\" ><div class=\"uncont\" ><div class=\"vc_custom_heading_wrap\"><div class=\"heading-text el-text\" ><h5 class=\"font-846016 h4 font-weight-400\" ><span><a href=\"#\">Facebook<\/a>\u00a0\/\u00a0<a href=\"#\">Twitter<\/a>\u00a0\/\u00a0<a href=\"#\">Instagram<\/a><\/span><\/h5><\/div><div class=\"clear\"><\/div><\/div><\/div><\/div><\/div><\/div><\/div><div class=\"wpb_column pos-top pos-center align_right align_center_mobile column_parent col-lg-6 col-md-50 single-internal-gutter\"><div class=\"uncol style-dark\"  ><div class=\"uncoltable\"><div class=\"uncell no-block-padding\" ><div class=\"uncont\" ><div class=\"vc_custom_heading_wrap\"><div class=\"heading-text el-text\" ><h5 class=\"font-846016 h4 font-weight-400\" ><span><a href=\"#\">Get in Touch<\/a><\/span><\/h5><\/div><div class=\"clear\"><\/div><\/div><\/div><\/div><\/div><\/div><\/div><script id=\"script-row-unique-4\" data-row=\"script-row-unique-4\" type=\"text\/javascript\" class=\"vc_controls\">UNCODE.initRow(document.getElementById(\"row-unique-4\"));<\/script><\/div><\/div><\/div>\n<\/div>","protected":false},"excerpt":{"rendered":"Caz\u00e9TV | Paulist\u00e3o 2025Cliente: Caz\u00e9TV &#8211; Ano: mar\u00e7o\/2025 Recordes de audi\u00eancia, arquibancadas cheias e emo\u00e7\u00e3o at\u00e9 o apito final: o [...]","protected":false},"author":1,"featured_media":129548,"parent":0,"menu_order":0,"comment_status":"closed","ping_status":"closed","template":"","meta":{"footnotes":""},"class_list":["post-123151","page","type-page","status-publish","has-post-thumbnail","hentry","page_category-portfolio","page_category-agency"],"_links":{"self":[{"href":"https:\/\/ligaagencia.com\/en\/wp-json\/wp\/v2\/pages\/123151","targetHints":{"allow":["GET"]}}],"collection":[{"href":"https:\/\/ligaagencia.com\/en\/wp-json\/wp\/v2\/pages"}],"about":[{"href":"https:\/\/ligaagencia.com\/en\/wp-json\/wp\/v2\/types\/page"}],"author":[{"embeddable":true,"href":"https:\/\/ligaagencia.com\/en\/wp-json\/wp\/v2\/users\/1"}],"replies":[{"embeddable":true,"href":"https:\/\/ligaagencia.com\/en\/wp-json\/wp\/v2\/comments?post=123151"}],"version-history":[{"count":0,"href":"https:\/\/ligaagencia.com\/en\/wp-json\/wp\/v2\/pages\/123151\/revisions"}],"wp:featuredmedia":[{"embeddable":true,"href":"https:\/\/ligaagencia.com\/en\/wp-json\/wp\/v2\/media\/129548"}],"wp:attachment":[{"href":"https:\/\/ligaagencia.com\/en\/wp-json\/wp\/v2\/media?parent=123151"}],"curies":[{"name":"wp","href":"https:\/\/api.w.org\/{rel}","templated":true}]}}